{"id":115,"date":"2024-11-30T13:29:28","date_gmt":"2024-11-30T13:29:28","guid":{"rendered":"https:\/\/bb.mysites.io\/?page_id=115"},"modified":"2025-03-31T13:24:17","modified_gmt":"2025-03-31T13:24:17","slug":"styles","status":"publish","type":"page","link":"https:\/\/soroc.com\/fr\/styles\/","title":{"rendered":"Styles"},"content":{"rendered":"<div data-elementor-type=\"wp-page\" data-elementor-id=\"115\" class=\"elementor elementor-115\" data-elementor-post-type=\"page\">\n\t\t\t\t<div class=\"elementor-element elementor-element-9bbe56d elementor-repeater-item-ang_container_padding_3 sk-light-bg e-flex e-con-boxed elementor-repeater-item-none elementor-repeater-item-none_hover e-con e-parent\" data-id=\"9bbe56d\" data-element_type=\"container\" data-e-type=\"container\" data-settings=\"{&quot;ang_container_spacing_size&quot;:&quot;ang_container_padding_3&quot;,&quot;background_background&quot;:&quot;classic&quot;}\">\n\t\t\t\t\t<div class=\"e-con-inner\">\n\t\t\t\t<div class=\"elementor-element elementor-element-8f527a8 elementor-repeater-item-none elementor-repeater-item-none_hover elementor-widget elementor-widget-theme-site-logo elementor-widget-image\" data-id=\"8f527a8\" data-element_type=\"widget\" data-e-type=\"widget\" data-widget_type=\"theme-site-logo.default\">\n\t\t\t\t\t\t\t\t\t\t\t<a href=\"https:\/\/soroc.com\/fr\">\n\t\t\t<img fetchpriority=\"high\" decoding=\"async\" width=\"432\" height=\"144\" src=\"https:\/\/soroc.com\/wp-content\/uploads\/2024\/12\/Soroc-Logo-2024_4C-RGB.svg\" class=\"attachment-full size-full wp-image-125\" alt=\"Soroc Logo\" \/>\t\t\t\t<\/a>\n\t\t\t\t\t\t\t\t\t\t\t<\/div>\n\t\t\t\t<div class=\"elementor-element elementor-element-adb0add elementor-repeater-item-none elementor-repeater-item-none_hover elementor-widget elementor-widget-heading\" data-id=\"adb0add\" data-element_type=\"widget\" data-e-type=\"widget\" data-widget_type=\"heading.default\">\n\t\t\t\t\t<span class=\"elementor-heading-title elementor-size-default\">Typographie<\/span>\t\t\t\t<\/div>\n\t\t\t\t<div class=\"elementor-element elementor-element-778f068 elementor-widget-divider--view-line elementor-repeater-item-none elementor-repeater-item-none_hover elementor-widget elementor-widget-divider\" data-id=\"778f068\" data-element_type=\"widget\" data-e-type=\"widget\" data-widget_type=\"divider.default\">\n\t\t\t\t\t\t\t<div class=\"elementor-divider\">\n\t\t\t<span class=\"elementor-divider-separator\">\n\t\t\t\t\t\t<\/span>\n\t\t<\/div>\n\t\t\t\t\t\t<\/div>\n\t\t\t\t<div class=\"elementor-element elementor-element-a1fba4f elementor-repeater-item-none elementor-repeater-item-none_hover elementor-widget elementor-widget-heading\" data-id=\"a1fba4f\" data-element_type=\"widget\" data-e-type=\"widget\" data-widget_type=\"heading.default\">\n\t\t\t\t\t<h1 class=\"elementor-heading-title elementor-size-default\">H1 Donner aux gens les moyens d'agir en leur proposant des solutions simples d'auto-assistance.<\/h1>\t\t\t\t<\/div>\n\t\t\t\t<div class=\"elementor-element elementor-element-fa15e05 elementor-repeater-item-none elementor-repeater-item-none_hover elementor-widget elementor-widget-heading\" data-id=\"fa15e05\" data-element_type=\"widget\" data-e-type=\"widget\" data-widget_type=\"heading.default\">\n\t\t\t\t\t<h2 class=\"elementor-heading-title elementor-size-default\">H2 Donner aux gens les moyens d'agir en leur proposant des solutions simples d'auto-assistance.<\/h2>\t\t\t\t<\/div>\n\t\t\t\t<div class=\"elementor-element elementor-element-fa32074 elementor-repeater-item-none elementor-repeater-item-none_hover elementor-widget elementor-widget-heading\" data-id=\"fa32074\" data-element_type=\"widget\" data-e-type=\"widget\" data-widget_type=\"heading.default\">\n\t\t\t\t\t<h3 class=\"elementor-heading-title elementor-size-default\">H3 Nunc mi ipsum faucibus vitae aliquet nec ullamcorper sit. Id donec ultrices tincidunt arcu non sodales neque ut.<\/h3>\t\t\t\t<\/div>\n\t\t\t\t<div class=\"elementor-element elementor-element-a2246d4 elementor-repeater-item-none elementor-repeater-item-none_hover elementor-widget elementor-widget-heading\" data-id=\"a2246d4\" data-element_type=\"widget\" data-e-type=\"widget\" data-widget_type=\"heading.default\">\n\t\t\t\t\t<h4 class=\"elementor-heading-title elementor-size-default\">H4 Professional Services Nunc mi ipsum faucibus vitae aliquet nec ullamcorper sit. Id donec ultrices tincidunt arcu non sodales neque ut.<\/h4>\t\t\t\t<\/div>\n\t\t\t\t<div class=\"elementor-element elementor-element-374466d elementor-repeater-item-none elementor-repeater-item-none_hover elementor-widget elementor-widget-heading\" data-id=\"374466d\" data-element_type=\"widget\" data-e-type=\"widget\" data-widget_type=\"heading.default\">\n\t\t\t\t\t<h5 class=\"elementor-heading-title elementor-size-default\">H5 Add Your Heading Text Here Nunc mi ipsum faucibus vitae aliquet nec ullamcorper sit. Id donec ultrices tincidunt arcu non sodales neque ut.<\/h5>\t\t\t\t<\/div>\n\t\t\t\t<div class=\"elementor-element elementor-element-c5212ea elementor-repeater-item-none elementor-repeater-item-none_hover elementor-widget elementor-widget-heading\" data-id=\"c5212ea\" data-element_type=\"widget\" data-e-type=\"widget\" data-widget_type=\"heading.default\">\n\t\t\t\t\t<h6 class=\"elementor-heading-title elementor-size-default\">H6 Ajoutez votre texte d'en-t\u00eate ici<\/h6>\t\t\t\t<\/div>\n\t\t\t\t<div class=\"elementor-element elementor-element-a6eb84a elementor-repeater-item-none elementor-repeater-item-none_hover elementor-widget elementor-widget-heading\" data-id=\"a6eb84a\" data-element_type=\"widget\" data-e-type=\"widget\" data-widget_type=\"heading.default\">\n\t\t\t\t\t<p class=\"elementor-heading-title elementor-size-default\">Grand texte : Nunc mi ipsum faucibus vitae aliquet nec ullamcorper sit. Id donec ultrices tincidunt arcu non sodales neque sodales ut.<\/p>\t\t\t\t<\/div>\n\t\t\t\t<div class=\"elementor-element elementor-element-4f64405 elementor-repeater-item-none elementor-repeater-item-none_hover elementor-widget elementor-widget-text-editor\" data-id=\"4f64405\" data-element_type=\"widget\" data-e-type=\"widget\" data-widget_type=\"text-editor.default\">\n\t\t\t\t\t\t\t\t\t<p>Lorem ipsum dolor sit amet, consectetur adipiscing elit, sed do eiusmod tempor incididunt ut labore et dolore magna aliqua. Amet consectetur adipiscing elit ut aliquam purus sit amet. Diam quam nulla porttitor massa id neque aliquam vestibulum morbi. Vitae auctor eu augue ut lectus. Nam libero justo laoreet sit. Egestas integer eget aliquet nibh praesent tristique. Lorem donec massa sapien faucibus et molestie ac. Iaculis eu non diam phasellus vestibulum lorem. Nunc mi ipsum faucibus vitae aliquet nec ullamcorper sit. Id donec ultrices tincidunt arcu non sodales neque sodales ut. Sit amet dictum sit amet justo donec enim diam vulputate.<\/p><p>Tellus integer feugiat scelerisque varius morbi enim. Faucibus <a href=\"#\">ornare suspendisse<\/a> sed nisi lacus. A diam maecenas sed enim ut sem. Quis viverra nibh cras pulvinar mattis nunc sed. Quam lacus suspendisse faucibus interdum posuere lorem. Les r\u00e9sultats de l'enqu\u00eate ont \u00e9t\u00e9 publi\u00e9s dans la presse et dans la presse \u00e9crite. Egestas integer eget aliquet nibh. Amet cursus sit amet dictum sit amet justo donec.<\/p><p>Tellus at ura condimentum mattis. Mattis pellentesque id nibh tortor id. Urna et pharetra pharetra massa massa ultricies. Pellentesque dignissim enim sit amet venenatis. Tempus quam pellentesque nec nam aliquam sem et tortor. Scelerisque varius morbi enim nunc faucibus a pellentesque sit amet. Adipiscing enim eu turpis egestas pretium aenean pharetra.<\/p>\t\t\t\t\t\t\t\t<\/div>\n\t\t\t\t<div class=\"elementor-element elementor-element-526e5f7 elementor-repeater-item-none elementor-repeater-item-none_hover elementor-widget elementor-widget-text-editor\" data-id=\"526e5f7\" data-element_type=\"widget\" data-e-type=\"widget\" data-widget_type=\"text-editor.default\">\n\t\t\t\t\t\t\t\t\t<p>Lorem ipsum dolor sit amet, consectetur adipiscing elit, sed do eiusmod tempor incididunt ut labore et dolore magna aliqua. Lorem donec massa sapien faucibus et molestie ac.<\/p><p>Tellus integer feugiat scelerisque varius morbi enim. Faucibus <a href=\"#\">ornare suspendisse<\/a> sed nisi lacus. A diam maecenas sed enim ut sem.<\/p><p>Urna et pharetra pharetra massa massa ultricies. Pellentesque dignissim enim sit amet venenatis.<\/p><p>Tempus quam pellentesque nec nam aliquam sem et tortor. Scelerisque varius morbi enim nunc faucibus a pellentesque sit amet. Adipiscing enim eu turpis egestas pretium aenean pharetra.<\/p>\t\t\t\t\t\t\t\t<\/div>\n\t\t\t\t<div class=\"elementor-element elementor-element-b38f015 elementor-repeater-item-none elementor-repeater-item-none_hover elementor-widget elementor-widget-spacer\" data-id=\"b38f015\" data-element_type=\"widget\" data-e-type=\"widget\" data-widget_type=\"spacer.default\">\n\t\t\t\t\t\t\t<div class=\"elementor-spacer\">\n\t\t\t<div class=\"elementor-spacer-inner\"><\/div>\n\t\t<\/div>\n\t\t\t\t\t\t<\/div>\n\t\t\t\t<div class=\"elementor-element elementor-element-80050cc elementor-repeater-item-none elementor-repeater-item-none_hover elementor-widget elementor-widget-heading\" data-id=\"80050cc\" data-element_type=\"widget\" data-e-type=\"widget\" data-widget_type=\"heading.default\">\n\t\t\t\t\t<span class=\"elementor-heading-title elementor-size-default\">Palette de couleurs<\/span>\t\t\t\t<\/div>\n\t\t\t\t<div class=\"elementor-element elementor-element-d0c859c elementor-widget-divider--view-line elementor-repeater-item-none elementor-repeater-item-none_hover elementor-widget elementor-widget-divider\" data-id=\"d0c859c\" data-element_type=\"widget\" data-e-type=\"widget\" data-widget_type=\"divider.default\">\n\t\t\t\t\t\t\t<div class=\"elementor-divider\">\n\t\t\t<span class=\"elementor-divider-separator\">\n\t\t\t\t\t\t<\/span>\n\t\t<\/div>\n\t\t\t\t\t\t<\/div>\n\t\t<div class=\"elementor-element elementor-element-5b550c1 e-grid elementor-repeater-item-none_hover elementor-repeater-item-ang_container_no_padding e-con-boxed elementor-repeater-item-none e-con e-child\" data-id=\"5b550c1\" data-element_type=\"container\" data-e-type=\"container\" data-settings=\"{&quot;ang_container_spacing_size&quot;:&quot;ang_container_no_padding&quot;}\">\n\t\t\t\t\t<div class=\"e-con-inner\">\n\t\t<div class=\"elementor-element elementor-element-0de3cf0 elementor-repeater-item-none_hover e-flex e-con-boxed elementor-repeater-item-default_padding sk-none elementor-repeater-item-none e-con e-child\" data-id=\"0de3cf0\" data-element_type=\"container\" data-e-type=\"container\" data-settings=\"{&quot;background_background&quot;:&quot;classic&quot;,&quot;ang_container_spacing_size&quot;:&quot;default_padding&quot;}\">\n\t\t\t\t\t<div class=\"e-con-inner\">\n\t\t\t\t<div class=\"elementor-element elementor-element-dd5a2f1 elementor-repeater-item-none elementor-repeater-item-none_hover elementor-widget elementor-widget-heading\" data-id=\"dd5a2f1\" data-element_type=\"widget\" data-e-type=\"widget\" data-widget_type=\"heading.default\">\n\t\t\t\t\t<p class=\"elementor-heading-title elementor-size-default\">Oc\u00e9an<\/p>\t\t\t\t<\/div>\n\t\t\t\t\t<\/div>\n\t\t\t\t<\/div>\n\t\t<div class=\"elementor-element elementor-element-27c949e elementor-repeater-item-none_hover e-flex e-con-boxed elementor-repeater-item-default_padding sk-none elementor-repeater-item-none e-con e-child\" data-id=\"27c949e\" data-element_type=\"container\" data-e-type=\"container\" data-settings=\"{&quot;background_background&quot;:&quot;classic&quot;,&quot;ang_container_spacing_size&quot;:&quot;default_padding&quot;}\">\n\t\t\t\t\t<div class=\"e-con-inner\">\n\t\t\t\t<div class=\"elementor-element elementor-element-f5091a1 elementor-repeater-item-none elementor-repeater-item-none_hover elementor-widget elementor-widget-heading\" data-id=\"f5091a1\" data-element_type=\"widget\" data-e-type=\"widget\" data-widget_type=\"heading.default\">\n\t\t\t\t\t<p class=\"elementor-heading-title elementor-size-default\">Bleu \u00e9nergie<\/p>\t\t\t\t<\/div>\n\t\t\t\t\t<\/div>\n\t\t\t\t<\/div>\n\t\t<div class=\"elementor-element elementor-element-a83672f elementor-repeater-item-none_hover e-flex e-con-boxed elementor-repeater-item-default_padding sk-none elementor-repeater-item-none e-con e-child\" data-id=\"a83672f\" data-element_type=\"container\" data-e-type=\"container\" data-settings=\"{&quot;background_background&quot;:&quot;classic&quot;,&quot;ang_container_spacing_size&quot;:&quot;default_padding&quot;}\">\n\t\t\t\t\t<div class=\"e-con-inner\">\n\t\t\t\t<div class=\"elementor-element elementor-element-4c94562 elementor-repeater-item-none elementor-repeater-item-none_hover elementor-widget elementor-widget-heading\" data-id=\"4c94562\" data-element_type=\"widget\" data-e-type=\"widget\" data-widget_type=\"heading.default\">\n\t\t\t\t\t<p class=\"elementor-heading-title elementor-size-default\">Bleu profond<\/p>\t\t\t\t<\/div>\n\t\t\t\t\t<\/div>\n\t\t\t\t<\/div>\n\t\t<div class=\"elementor-element elementor-element-48f3a15 elementor-repeater-item-none_hover e-flex e-con-boxed elementor-repeater-item-default_padding sk-none elementor-repeater-item-none e-con e-child\" data-id=\"48f3a15\" data-element_type=\"container\" data-e-type=\"container\" data-settings=\"{&quot;background_background&quot;:&quot;classic&quot;,&quot;ang_container_spacing_size&quot;:&quot;default_padding&quot;}\">\n\t\t\t\t\t<div class=\"e-con-inner\">\n\t\t\t\t<div class=\"elementor-element elementor-element-229ef04 elementor-repeater-item-none elementor-repeater-item-none_hover elementor-widget elementor-widget-heading\" data-id=\"229ef04\" data-element_type=\"widget\" data-e-type=\"widget\" data-widget_type=\"heading.default\">\n\t\t\t\t\t<p class=\"elementor-heading-title elementor-size-default\">Incendie<\/p>\t\t\t\t<\/div>\n\t\t\t\t\t<\/div>\n\t\t\t\t<\/div>\n\t\t<div class=\"elementor-element elementor-element-7e72822 elementor-repeater-item-none_hover e-flex e-con-boxed elementor-repeater-item-default_padding sk-none elementor-repeater-item-none e-con e-child\" data-id=\"7e72822\" data-element_type=\"container\" data-e-type=\"container\" data-settings=\"{&quot;background_background&quot;:&quot;classic&quot;,&quot;ang_container_spacing_size&quot;:&quot;default_padding&quot;}\">\n\t\t\t\t\t<div class=\"e-con-inner\">\n\t\t\t\t<div class=\"elementor-element elementor-element-7de12c4 elementor-repeater-item-none elementor-repeater-item-none_hover elementor-widget elementor-widget-heading\" data-id=\"7de12c4\" data-element_type=\"widget\" data-e-type=\"widget\" data-widget_type=\"heading.default\">\n\t\t\t\t\t<p class=\"elementor-heading-title elementor-size-default\">L'or<\/p>\t\t\t\t<\/div>\n\t\t\t\t\t<\/div>\n\t\t\t\t<\/div>\n\t\t<div class=\"elementor-element elementor-element-ae2f735 elementor-repeater-item-none_hover e-flex e-con-boxed elementor-repeater-item-default_padding sk-none elementor-repeater-item-none e-con e-child\" data-id=\"ae2f735\" data-element_type=\"container\" data-e-type=\"container\" data-settings=\"{&quot;background_background&quot;:&quot;classic&quot;,&quot;ang_container_spacing_size&quot;:&quot;default_padding&quot;}\">\n\t\t\t\t\t<div class=\"e-con-inner\">\n\t\t\t\t<div class=\"elementor-element elementor-element-6636c16 elementor-repeater-item-none elementor-repeater-item-none_hover elementor-widget elementor-widget-heading\" data-id=\"6636c16\" data-element_type=\"widget\" data-e-type=\"widget\" data-widget_type=\"heading.default\">\n\t\t\t\t\t<p class=\"elementor-heading-title elementor-size-default\">M\u00e9tal<\/p>\t\t\t\t<\/div>\n\t\t\t\t\t<\/div>\n\t\t\t\t<\/div>\n\t\t<div class=\"elementor-element elementor-element-dd77ac2 elementor-repeater-item-none_hover e-flex e-con-boxed elementor-repeater-item-default_padding sk-none elementor-repeater-item-none e-con e-child\" data-id=\"dd77ac2\" data-element_type=\"container\" data-e-type=\"container\" data-settings=\"{&quot;background_background&quot;:&quot;classic&quot;,&quot;ang_container_spacing_size&quot;:&quot;default_padding&quot;}\">\n\t\t\t\t\t<div class=\"e-con-inner\">\n\t\t\t\t<div class=\"elementor-element elementor-element-1713fd5 elementor-repeater-item-none elementor-repeater-item-none_hover elementor-widget elementor-widget-heading\" data-id=\"1713fd5\" data-element_type=\"widget\" data-e-type=\"widget\" data-widget_type=\"heading.default\">\n\t\t\t\t\t<p class=\"elementor-heading-title elementor-size-default\">Nuage<\/p>\t\t\t\t<\/div>\n\t\t\t\t\t<\/div>\n\t\t\t\t<\/div>\n\t\t<div class=\"elementor-element elementor-element-49746d0 elementor-repeater-item-none_hover e-flex e-con-boxed elementor-repeater-item-default_padding sk-none elementor-repeater-item-none e-con e-child\" data-id=\"49746d0\" data-element_type=\"container\" data-e-type=\"container\" data-settings=\"{&quot;background_background&quot;:&quot;classic&quot;,&quot;ang_container_spacing_size&quot;:&quot;default_padding&quot;}\">\n\t\t\t\t\t<div class=\"e-con-inner\">\n\t\t\t\t<div class=\"elementor-element elementor-element-b792f9d elementor-repeater-item-none elementor-repeater-item-none_hover elementor-widget elementor-widget-heading\" data-id=\"b792f9d\" data-element_type=\"widget\" data-e-type=\"widget\" data-widget_type=\"heading.default\">\n\t\t\t\t\t<p class=\"elementor-heading-title elementor-size-default\">Noir<\/p>\t\t\t\t<\/div>\n\t\t\t\t\t<\/div>\n\t\t\t\t<\/div>\n\t\t\t\t\t<\/div>\n\t\t\t\t<\/div>\n\t\t\t\t<div class=\"elementor-element elementor-element-3aa8498 elementor-repeater-item-none elementor-repeater-item-none_hover elementor-widget elementor-widget-spacer\" data-id=\"3aa8498\" data-element_type=\"widget\" data-e-type=\"widget\" data-widget_type=\"spacer.default\">\n\t\t\t\t\t\t\t<div class=\"elementor-spacer\">\n\t\t\t<div class=\"elementor-spacer-inner\"><\/div>\n\t\t<\/div>\n\t\t\t\t\t\t<\/div>\n\t\t\t\t<div class=\"elementor-element elementor-element-c2ad9ce elementor-repeater-item-none elementor-repeater-item-none_hover elementor-widget elementor-widget-html\" data-id=\"c2ad9ce\" data-element_type=\"widget\" data-e-type=\"widget\" data-widget_type=\"html.default\">\n\t\t\t\t\t<iframe src=\"https:\/\/wcs-hitachivantarashowcase-012345678910.swcontentsyndication.com\/Home\" style=\"height: 3000px; width: 100%; border: none;\"><\/iframe> \n\t\t\t\t<\/div>\n\t\t\t\t<div class=\"elementor-element elementor-element-32a2297 elementor-repeater-item-none elementor-repeater-item-none_hover elementor-widget elementor-widget-spacer\" data-id=\"32a2297\" data-element_type=\"widget\" data-e-type=\"widget\" data-widget_type=\"spacer.default\">\n\t\t\t\t\t\t\t<div class=\"elementor-spacer\">\n\t\t\t<div class=\"elementor-spacer-inner\"><\/div>\n\t\t<\/div>\n\t\t\t\t\t\t<\/div>\n\t\t\t\t<div class=\"elementor-element elementor-element-fc0b23e elementor-repeater-item-none elementor-repeater-item-none_hover elementor-widget elementor-widget-spacer\" data-id=\"fc0b23e\" data-element_type=\"widget\" data-e-type=\"widget\" data-widget_type=\"spacer.default\">\n\t\t\t\t\t\t\t<div class=\"elementor-spacer\">\n\t\t\t<div class=\"elementor-spacer-inner\"><\/div>\n\t\t<\/div>\n\t\t\t\t\t\t<\/div>\n\t\t\t\t\t<\/div>\n\t\t\t\t<\/div>\n\t\t\t\t<\/div>","protected":false},"excerpt":{"rendered":"<p>Typography H1 Empower people with simple, self-help options. H2 Empower people with simple, self-help options. H3 Nunc mi ipsum faucibus vitae aliquet nec ullamcorper sit. Id donec ultrices tincidunt arcu non sodales neque ut. H4 Professional Services Nunc mi ipsum faucibus vitae aliquet nec ullamcorper sit. Id donec ultrices tincidunt arcu non sodales neque ut. [&hellip;]<\/p>\n","protected":false},"author":6,"featured_media":0,"parent":0,"menu_order":0,"comment_status":"closed","ping_status":"closed","template":"elementor_canvas","meta":{"_acf_changed":false,"content-type":"","footnotes":""},"class_list":["post-115","page","type-page","status-publish","hentry"],"acf":[],"yoast_head":"<!-- This site is optimized with the Yoast SEO plugin v27.4 - https:\/\/yoast.com\/product\/yoast-seo-wordpress\/ -->\n<title>Styles - Soroc<\/title>\n<meta name=\"robots\" content=\"index, follow, max-snippet:-1, max-image-preview:large, max-video-preview:-1\" \/>\n<link rel=\"canonical\" href=\"https:\/\/soroc.com\/fr\/styles\/\" \/>\n<meta property=\"og:locale\" content=\"fr_CA\" \/>\n<meta property=\"og:type\" content=\"article\" \/>\n<meta property=\"og:title\" content=\"Styles - Soroc\" \/>\n<meta property=\"og:description\" content=\"Typography H1 Empower people with simple, self-help options. H2 Empower people with simple, self-help options. H3 Nunc mi ipsum faucibus vitae aliquet nec ullamcorper sit. Id donec ultrices tincidunt arcu non sodales neque ut. H4 Professional Services Nunc mi ipsum faucibus vitae aliquet nec ullamcorper sit. Id donec ultrices tincidunt arcu non sodales neque ut. [&hellip;]\" \/>\n<meta property=\"og:url\" content=\"https:\/\/soroc.com\/fr\/styles\/\" \/>\n<meta property=\"og:site_name\" content=\"Soroc\" \/>\n<meta property=\"article:modified_time\" content=\"2025-03-31T13:24:17+00:00\" \/>\n<meta name=\"twitter:card\" content=\"summary_large_image\" \/>\n<meta name=\"twitter:label1\" content=\"Estimation du temps de lecture\" \/>\n\t<meta name=\"twitter:data1\" content=\"3 minutes\" \/>\n<script type=\"application\/ld+json\" class=\"yoast-schema-graph\">{\"@context\":\"https:\\\/\\\/schema.org\",\"@graph\":[{\"@type\":\"WebPage\",\"@id\":\"https:\\\/\\\/soroc.com\\\/styles\\\/\",\"url\":\"https:\\\/\\\/soroc.com\\\/styles\\\/\",\"name\":\"Styles - Soroc\",\"isPartOf\":{\"@id\":\"https:\\\/\\\/soroc.com\\\/#website\"},\"datePublished\":\"2024-11-30T13:29:28+00:00\",\"dateModified\":\"2025-03-31T13:24:17+00:00\",\"breadcrumb\":{\"@id\":\"https:\\\/\\\/soroc.com\\\/styles\\\/#breadcrumb\"},\"inLanguage\":\"fr-CA\",\"potentialAction\":[{\"@type\":\"ReadAction\",\"target\":[\"https:\\\/\\\/soroc.com\\\/styles\\\/\"]}]},{\"@type\":\"BreadcrumbList\",\"@id\":\"https:\\\/\\\/soroc.com\\\/styles\\\/#breadcrumb\",\"itemListElement\":[{\"@type\":\"ListItem\",\"position\":1,\"name\":\"Home\",\"item\":\"https:\\\/\\\/soroc.com\\\/\"},{\"@type\":\"ListItem\",\"position\":2,\"name\":\"Styles\"}]},{\"@type\":\"WebSite\",\"@id\":\"https:\\\/\\\/soroc.com\\\/#website\",\"url\":\"https:\\\/\\\/soroc.com\\\/\",\"name\":\"Soroc\",\"description\":\"\",\"publisher\":{\"@id\":\"https:\\\/\\\/soroc.com\\\/#organization\"},\"potentialAction\":[{\"@type\":\"SearchAction\",\"target\":{\"@type\":\"EntryPoint\",\"urlTemplate\":\"https:\\\/\\\/soroc.com\\\/?s={search_term_string}\"},\"query-input\":{\"@type\":\"PropertyValueSpecification\",\"valueRequired\":true,\"valueName\":\"search_term_string\"}}],\"inLanguage\":\"fr-CA\"},{\"@type\":\"Organization\",\"@id\":\"https:\\\/\\\/soroc.com\\\/#organization\",\"name\":\"Soroc\",\"url\":\"https:\\\/\\\/soroc.com\\\/\",\"logo\":{\"@type\":\"ImageObject\",\"inLanguage\":\"fr-CA\",\"@id\":\"https:\\\/\\\/soroc.com\\\/#\\\/schema\\\/logo\\\/image\\\/\",\"url\":\"https:\\\/\\\/soroc.com\\\/wp-content\\\/uploads\\\/2024\\\/12\\\/Soroc-Logo-2024_4C-RGB.svg\",\"contentUrl\":\"https:\\\/\\\/soroc.com\\\/wp-content\\\/uploads\\\/2024\\\/12\\\/Soroc-Logo-2024_4C-RGB.svg\",\"width\":432,\"height\":144,\"caption\":\"Soroc\"},\"image\":{\"@id\":\"https:\\\/\\\/soroc.com\\\/#\\\/schema\\\/logo\\\/image\\\/\"}}]}<\/script>\n<!-- \/ Yoast SEO plugin. -->","yoast_head_json":{"title":"Styles - Soroc","robots":{"index":"index","follow":"follow","max-snippet":"max-snippet:-1","max-image-preview":"max-image-preview:large","max-video-preview":"max-video-preview:-1"},"canonical":"https:\/\/soroc.com\/fr\/styles\/","og_locale":"fr_CA","og_type":"article","og_title":"Styles - Soroc","og_description":"Typography H1 Empower people with simple, self-help options. H2 Empower people with simple, self-help options. H3 Nunc mi ipsum faucibus vitae aliquet nec ullamcorper sit. Id donec ultrices tincidunt arcu non sodales neque ut. H4 Professional Services Nunc mi ipsum faucibus vitae aliquet nec ullamcorper sit. Id donec ultrices tincidunt arcu non sodales neque ut. [&hellip;]","og_url":"https:\/\/soroc.com\/fr\/styles\/","og_site_name":"Soroc","article_modified_time":"2025-03-31T13:24:17+00:00","twitter_card":"summary_large_image","twitter_misc":{"Estimation du temps de lecture":"3 minutes"},"schema":{"@context":"https:\/\/schema.org","@graph":[{"@type":"WebPage","@id":"https:\/\/soroc.com\/styles\/","url":"https:\/\/soroc.com\/styles\/","name":"Styles - Soroc","isPartOf":{"@id":"https:\/\/soroc.com\/#website"},"datePublished":"2024-11-30T13:29:28+00:00","dateModified":"2025-03-31T13:24:17+00:00","breadcrumb":{"@id":"https:\/\/soroc.com\/styles\/#breadcrumb"},"inLanguage":"fr-CA","potentialAction":[{"@type":"ReadAction","target":["https:\/\/soroc.com\/styles\/"]}]},{"@type":"BreadcrumbList","@id":"https:\/\/soroc.com\/styles\/#breadcrumb","itemListElement":[{"@type":"ListItem","position":1,"name":"Home","item":"https:\/\/soroc.com\/"},{"@type":"ListItem","position":2,"name":"Styles"}]},{"@type":"WebSite","@id":"https:\/\/soroc.com\/#website","url":"https:\/\/soroc.com\/","name":"Soroc","description":"","publisher":{"@id":"https:\/\/soroc.com\/#organization"},"potentialAction":[{"@type":"SearchAction","target":{"@type":"EntryPoint","urlTemplate":"https:\/\/soroc.com\/?s={search_term_string}"},"query-input":{"@type":"PropertyValueSpecification","valueRequired":true,"valueName":"search_term_string"}}],"inLanguage":"fr-CA"},{"@type":"Organization","@id":"https:\/\/soroc.com\/#organization","name":"Soroc","url":"https:\/\/soroc.com\/","logo":{"@type":"ImageObject","inLanguage":"fr-CA","@id":"https:\/\/soroc.com\/#\/schema\/logo\/image\/","url":"https:\/\/soroc.com\/wp-content\/uploads\/2024\/12\/Soroc-Logo-2024_4C-RGB.svg","contentUrl":"https:\/\/soroc.com\/wp-content\/uploads\/2024\/12\/Soroc-Logo-2024_4C-RGB.svg","width":432,"height":144,"caption":"Soroc"},"image":{"@id":"https:\/\/soroc.com\/#\/schema\/logo\/image\/"}}]}},"_links":{"self":[{"href":"https:\/\/soroc.com\/fr\/wp-json\/wp\/v2\/pages\/115","targetHints":{"allow":["GET"]}}],"collection":[{"href":"https:\/\/soroc.com\/fr\/wp-json\/wp\/v2\/pages"}],"about":[{"href":"https:\/\/soroc.com\/fr\/wp-json\/wp\/v2\/types\/page"}],"author":[{"embeddable":true,"href":"https:\/\/soroc.com\/fr\/wp-json\/wp\/v2\/users\/6"}],"replies":[{"embeddable":true,"href":"https:\/\/soroc.com\/fr\/wp-json\/wp\/v2\/comments?post=115"}],"version-history":[{"count":5,"href":"https:\/\/soroc.com\/fr\/wp-json\/wp\/v2\/pages\/115\/revisions"}],"predecessor-version":[{"id":3231,"href":"https:\/\/soroc.com\/fr\/wp-json\/wp\/v2\/pages\/115\/revisions\/3231"}],"wp:attachment":[{"href":"https:\/\/soroc.com\/fr\/wp-json\/wp\/v2\/media?parent=115"}],"curies":[{"name":"wp","href":"https:\/\/api.w.org\/{rel}","templated":true}]}}