{"id":5671,"date":"2025-04-10T13:03:42","date_gmt":"2025-04-10T13:03:42","guid":{"rendered":"https:\/\/soroc25.mysites.io\/?page_id=5671"},"modified":"2025-12-10T19:24:17","modified_gmt":"2025-12-10T19:24:17","slug":"india","status":"publish","type":"page","link":"https:\/\/soroc.com\/fr\/about-us\/careers\/india\/","title":{"rendered":"Inde"},"content":{"rendered":"\t\t<div data-elementor-type=\"wp-page\" data-elementor-id=\"5671\" class=\"elementor elementor-5671\" data-elementor-post-type=\"page\">\n\t\t\t\t<div class=\"elementor-element elementor-element-2affc9d elementor-repeater-item-ang_container_padding_1 e-con-full e-flex sk-none elementor-repeater-item-none elementor-repeater-item-none_hover e-con e-parent\" data-id=\"2affc9d\" data-element_type=\"container\" data-e-type=\"container\" data-settings=\"{&quot;ang_container_spacing_size&quot;:&quot;ang_container_padding_1&quot;,&quot;background_background&quot;:&quot;classic&quot;,&quot;shape_divider_bottom&quot;:&quot;tilt&quot;,&quot;background_motion_fx_motion_fx_scrolling&quot;:&quot;yes&quot;,&quot;background_motion_fx_translateY_effect&quot;:&quot;yes&quot;,&quot;background_motion_fx_translateY_direction&quot;:&quot;negative&quot;,&quot;background_motion_fx_translateY_affectedRange&quot;:{&quot;unit&quot;:&quot;%&quot;,&quot;size&quot;:&quot;&quot;,&quot;sizes&quot;:{&quot;start&quot;:27,&quot;end&quot;:100}},&quot;background_motion_fx_devices&quot;:[&quot;widescreen&quot;,&quot;desktop&quot;,&quot;tablet&quot;],&quot;background_motion_fx_translateY_speed&quot;:{&quot;unit&quot;:&quot;px&quot;,&quot;size&quot;:4,&quot;sizes&quot;:[]}}\">\n\t\t\t\t<div class=\"elementor-shape elementor-shape-bottom\" aria-hidden=\"true\" data-negative=\"false\">\n\t\t\t<svg xmlns=\"http:\/\/www.w3.org\/2000\/svg\" viewBox=\"0 0 1000 100\" preserveAspectRatio=\"none\">\n\t<path class=\"elementor-shape-fill\" d=\"M0,6V0h1000v100L0,6z\"\/>\n<\/svg>\t\t<\/div>\n\t\t<div class=\"elementor-element elementor-element-5ea655f e-con-full e-flex elementor-repeater-item-default_padding elementor-repeater-item-none elementor-repeater-item-none_hover e-con e-child\" data-id=\"5ea655f\" data-element_type=\"container\" data-e-type=\"container\" data-settings=\"{&quot;ang_container_spacing_size&quot;:&quot;default_padding&quot;}\">\n\t\t<div class=\"elementor-element elementor-element-c60cdcf e-con-full e-flex elementor-repeater-item-default_padding elementor-repeater-item-none elementor-repeater-item-none_hover e-con e-child\" data-id=\"c60cdcf\" data-element_type=\"container\" data-e-type=\"container\" data-settings=\"{&quot;sticky&quot;:&quot;top&quot;,&quot;sticky_on&quot;:[&quot;widescreen&quot;,&quot;desktop&quot;],&quot;sticky_offset&quot;:96,&quot;ang_container_spacing_size&quot;:&quot;default_padding&quot;,&quot;sticky_effects_offset&quot;:0,&quot;sticky_anchor_link_offset&quot;:0}\">\n\t\t\t\t<div class=\"elementor-element elementor-element-0b9ca07 external_elementor-repeater-item-none_external elementor-repeater-item-none elementor-repeater-item-none_hover elementor-widget elementor-widget-image\" data-id=\"0b9ca07\" data-element_type=\"widget\" data-e-type=\"widget\" data-widget_type=\"image.default\">\n\t\t\t\t\t\t\t\t\t\t\t\t\t\t\t<img fetchpriority=\"high\" decoding=\"async\" width=\"432\" height=\"144\" src=\"https:\/\/soroc.com\/wp-content\/uploads\/2024\/12\/Soroc-Logo-2024_4C-RGB.svg\" class=\"attachment-large size-large wp-image-125\" alt=\"Soroc Logo\" \/>\t\t\t\t\t\t\t\t\t\t\t\t\t\t\t<\/div>\n\t\t\t\t<div class=\"elementor-element elementor-element-10332d0 elementor-repeater-item-none elementor-repeater-item-none_hover elementor-widget elementor-widget-heading\" data-id=\"10332d0\" data-element_type=\"widget\" data-e-type=\"widget\" data-widget_type=\"heading.default\">\n\t\t\t\t\t<h1 class=\"elementor-heading-title elementor-size-default\">Interested in working for Soroc India?<\/h1>\t\t\t\t<\/div>\n\t\t\t\t<div class=\"elementor-element elementor-element-ee74d44 elementor-repeater-item-none elementor-repeater-item-none_hover elementor-widget elementor-widget-text-editor\" data-id=\"ee74d44\" data-element_type=\"widget\" data-e-type=\"widget\" data-widget_type=\"text-editor.default\">\n\t\t\t\t\t\t\t\t\t<p>Please complete the form, indicating the type of role you are interested in, upload your resume and click the orange submit button. We will reach out if your skills and experience align with roles we have open.<\/p>\t\t\t\t\t\t\t\t<\/div>\n\t\t\t\t<\/div>\n\t\t\t\t<div class=\"elementor-element elementor-element-46194aa elementor-absolute elementor-hidden-tablet elementor-hidden-mobile external_elementor-repeater-item-none_external elementor-repeater-item-none elementor-repeater-item-none_hover elementor-widget elementor-widget-image\" data-id=\"46194aa\" data-element_type=\"widget\" data-e-type=\"widget\" data-settings=\"{&quot;_position&quot;:&quot;absolute&quot;,&quot;motion_fx_motion_fx_scrolling&quot;:&quot;yes&quot;,&quot;motion_fx_translateY_effect&quot;:&quot;yes&quot;,&quot;motion_fx_translateY_speed&quot;:{&quot;unit&quot;:&quot;px&quot;,&quot;size&quot;:4,&quot;sizes&quot;:[]},&quot;motion_fx_translateY_affectedRange&quot;:{&quot;unit&quot;:&quot;%&quot;,&quot;size&quot;:&quot;&quot;,&quot;sizes&quot;:{&quot;start&quot;:0,&quot;end&quot;:100}},&quot;motion_fx_devices&quot;:[&quot;widescreen&quot;,&quot;desktop&quot;,&quot;tablet&quot;,&quot;mobile&quot;]}\" data-widget_type=\"image.default\">\n\t\t\t\t\t\t\t\t\t\t\t\t\t\t\t<img decoding=\"async\" width=\"256\" height=\"256\" src=\"https:\/\/soroc.com\/wp-content\/uploads\/2025\/01\/single-tab-blue.svg\" class=\"attachment-full size-full wp-image-747\" alt=\"\" \/>\t\t\t\t\t\t\t\t\t\t\t\t\t\t\t<\/div>\n\t\t\t\t<\/div>\n\t\t<div class=\"elementor-element elementor-element-2f62729 e-con-full e-flex elementor-repeater-item-default_padding elementor-repeater-item-none elementor-repeater-item-none_hover e-con e-child\" data-id=\"2f62729\" data-element_type=\"container\" data-e-type=\"container\" data-settings=\"{&quot;ang_container_spacing_size&quot;:&quot;default_padding&quot;}\">\n\t\t<div class=\"elementor-element elementor-element-98978a8 elementor-repeater-item-none_hover e-con-full sk-light-bg e-flex elementor-repeater-item-default_padding elementor-repeater-item-none e-con e-child\" data-id=\"98978a8\" data-element_type=\"container\" data-e-type=\"container\" data-settings=\"{&quot;background_background&quot;:&quot;classic&quot;,&quot;ang_container_spacing_size&quot;:&quot;default_padding&quot;}\">\n\t\t<div class=\"elementor-element elementor-element-ed66b8c elementor-repeater-item-none_hover e-con-full e-flex elementor-repeater-item-default_padding elementor-repeater-item-none e-con e-child\" data-id=\"ed66b8c\" data-element_type=\"container\" data-e-type=\"container\" data-settings=\"{&quot;ang_container_spacing_size&quot;:&quot;default_padding&quot;}\">\n\t\t\t\t<div class=\"elementor-element elementor-element-8e7b246 elementor-repeater-item-none elementor-repeater-item-none_hover elementor-widget elementor-widget-menu-anchor\" data-id=\"8e7b246\" data-element_type=\"widget\" data-e-type=\"widget\" data-widget_type=\"menu-anchor.default\">\n\t\t\t\t\t\t\t<div class=\"elementor-menu-anchor\" id=\"contact\"><\/div>\n\t\t\t\t\t\t<\/div>\n\t\t\t\t<div class=\"elementor-element elementor-element-a3ca981 elementor-repeater-item-none elementor-repeater-item-none_hover elementor-widget elementor-widget-heading\" data-id=\"a3ca981\" data-element_type=\"widget\" data-e-type=\"widget\" data-widget_type=\"heading.default\">\n\t\t\t\t\t<h2 class=\"elementor-heading-title elementor-size-default\">Contact Us<\/h2>\t\t\t\t<\/div>\n\t\t\t\t<div class=\"elementor-element elementor-element-be13d3c elementor-repeater-item-none elementor-repeater-item-none_hover elementor-widget elementor-widget-shortcode\" data-id=\"be13d3c\" data-element_type=\"widget\" data-e-type=\"widget\" data-widget_type=\"shortcode.default\">\n\t\t\t\t\t\t\t<div class=\"elementor-shortcode\">\n\n\t\t\t\t\t\t<script>\n\t\t\t\t\t\t\twindow.hsFormsOnReady = window.hsFormsOnReady || [];\n\t\t\t\t\t\t\twindow.hsFormsOnReady.push(()=>{\n\t\t\t\t\t\t\t\thbspt.forms.create({\n\t\t\t\t\t\t\t\t\tportalId: 45888898,\n\t\t\t\t\t\t\t\t\tformId: \"90537a28-5855-401c-8bdc-69c18c7b6b59\",\n\t\t\t\t\t\t\t\t\ttarget: \"#hbspt-form-1779033579000-5567138926\",\n\t\t\t\t\t\t\t\t\tregion: \"na1\",\n\t\t\t\t\t\t\t\t\t\n\t\t\t\t\t\t\t})});\n\t\t\t\t\t\t<\/script>\n\t\t\t\t\t\t<div class=\"hbspt-form\" id=\"hbspt-form-1779033579000-5567138926\"><\/div><\/div>\n\t\t\t\t\t\t<\/div>\n\t\t\t\t<div class=\"elementor-element elementor-element-07214a1 elementor-repeater-item-none elementor-repeater-item-none_hover elementor-widget elementor-widget-shortcode\" data-id=\"07214a1\" data-element_type=\"widget\" data-e-type=\"widget\" data-widget_type=\"shortcode.default\">\n\t\t\t\t\t\t\t<div class=\"elementor-shortcode\">\n<\/div>\n\t\t\t\t\t\t<\/div>\n\t\t\t\t<\/div>\n\t\t\t\t<\/div>\n\t\t\t\t<\/div>\n\t\t\t\t<\/div>\n\t\t\t\t<\/div>\n\t\t","protected":false},"excerpt":{"rendered":"<p>Int\u00e9ress\u00e9 \u00e0 travailler pour Soroc Inde ? Veuillez remplir le formulaire, en indiquant le type de poste qui vous int\u00e9resse, t\u00e9l\u00e9charger votre CV et cliquer sur le bouton orange de soumission. Nous vous contacterons si vos comp\u00e9tences et votre exp\u00e9rience correspondent aux postes que nous avons ouverts. Nous contacter<\/p>","protected":false},"author":6,"featured_media":0,"parent":659,"menu_order":0,"comment_status":"closed","ping_status":"closed","template":"elementor_header_footer","meta":{"_acf_changed":false,"content-type":"","footnotes":""},"class_list":["post-5671","page","type-page","status-publish","hentry"],"acf":[],"yoast_head":"<!-- This site is optimized with the Yoast SEO plugin v27.6 - https:\/\/yoast.com\/product\/yoast-seo-wordpress\/ -->\n<title>India - Soroc<\/title>\n<meta name=\"robots\" content=\"index, follow, max-snippet:-1, max-image-preview:large, max-video-preview:-1\" \/>\n<link rel=\"canonical\" href=\"https:\/\/soroc.com\/fr\/about-us\/careers\/india\/\" \/>\n<meta property=\"og:locale\" content=\"fr_CA\" \/>\n<meta property=\"og:type\" content=\"article\" \/>\n<meta property=\"og:title\" content=\"India - Soroc\" \/>\n<meta property=\"og:description\" content=\"Interested in working for Soroc India? Please complete the form, indicating the type of role you are interested in, upload your resume and click the orange submit button. We will reach out if your skills and experience align with roles we have open. Contact Us\" \/>\n<meta property=\"og:url\" content=\"https:\/\/soroc.com\/fr\/about-us\/careers\/india\/\" \/>\n<meta property=\"og:site_name\" content=\"Soroc\" \/>\n<meta property=\"article:modified_time\" content=\"2025-12-10T19:24:17+00:00\" \/>\n<meta name=\"twitter:card\" content=\"summary_large_image\" \/>\n<meta name=\"twitter:label1\" content=\"Estimation du temps de lecture\" \/>\n\t<meta name=\"twitter:data1\" content=\"1 minute\" \/>\n<script type=\"application\/ld+json\" class=\"yoast-schema-graph\">{\"@context\":\"https:\\\/\\\/schema.org\",\"@graph\":[{\"@type\":\"WebPage\",\"@id\":\"https:\\\/\\\/soroc.com\\\/about-us\\\/careers\\\/india\\\/\",\"url\":\"https:\\\/\\\/soroc.com\\\/about-us\\\/careers\\\/india\\\/\",\"name\":\"India - Soroc\",\"isPartOf\":{\"@id\":\"https:\\\/\\\/soroc.com\\\/#website\"},\"primaryImageOfPage\":{\"@id\":\"https:\\\/\\\/soroc.com\\\/about-us\\\/careers\\\/india\\\/#primaryimage\"},\"image\":{\"@id\":\"https:\\\/\\\/soroc.com\\\/about-us\\\/careers\\\/india\\\/#primaryimage\"},\"thumbnailUrl\":\"https:\\\/\\\/soroc.com\\\/wp-content\\\/uploads\\\/2024\\\/12\\\/Soroc-Logo-2024_4C-RGB.svg\",\"datePublished\":\"2025-04-10T13:03:42+00:00\",\"dateModified\":\"2025-12-10T19:24:17+00:00\",\"breadcrumb\":{\"@id\":\"https:\\\/\\\/soroc.com\\\/about-us\\\/careers\\\/india\\\/#breadcrumb\"},\"inLanguage\":\"fr-CA\",\"potentialAction\":[{\"@type\":\"ReadAction\",\"target\":[\"https:\\\/\\\/soroc.com\\\/about-us\\\/careers\\\/india\\\/\"]}]},{\"@type\":\"ImageObject\",\"inLanguage\":\"fr-CA\",\"@id\":\"https:\\\/\\\/soroc.com\\\/about-us\\\/careers\\\/india\\\/#primaryimage\",\"url\":\"https:\\\/\\\/soroc.com\\\/wp-content\\\/uploads\\\/2024\\\/12\\\/Soroc-Logo-2024_4C-RGB.svg\",\"contentUrl\":\"https:\\\/\\\/soroc.com\\\/wp-content\\\/uploads\\\/2024\\\/12\\\/Soroc-Logo-2024_4C-RGB.svg\"},{\"@type\":\"BreadcrumbList\",\"@id\":\"https:\\\/\\\/soroc.com\\\/about-us\\\/careers\\\/india\\\/#breadcrumb\",\"itemListElement\":[{\"@type\":\"ListItem\",\"position\":1,\"name\":\"Home\",\"item\":\"https:\\\/\\\/soroc.com\\\/\"},{\"@type\":\"ListItem\",\"position\":2,\"name\":\"About Us\",\"item\":\"https:\\\/\\\/soroc.com\\\/about-us\\\/\"},{\"@type\":\"ListItem\",\"position\":3,\"name\":\"Careers\",\"item\":\"https:\\\/\\\/soroc.com\\\/about-us\\\/careers\\\/\"},{\"@type\":\"ListItem\",\"position\":4,\"name\":\"India\"}]},{\"@type\":\"WebSite\",\"@id\":\"https:\\\/\\\/soroc.com\\\/#website\",\"url\":\"https:\\\/\\\/soroc.com\\\/\",\"name\":\"Soroc\",\"description\":\"\",\"publisher\":{\"@id\":\"https:\\\/\\\/soroc.com\\\/#organization\"},\"potentialAction\":[{\"@type\":\"SearchAction\",\"target\":{\"@type\":\"EntryPoint\",\"urlTemplate\":\"https:\\\/\\\/soroc.com\\\/?s={search_term_string}\"},\"query-input\":{\"@type\":\"PropertyValueSpecification\",\"valueRequired\":true,\"valueName\":\"search_term_string\"}}],\"inLanguage\":\"fr-CA\"},{\"@type\":\"Organization\",\"@id\":\"https:\\\/\\\/soroc.com\\\/#organization\",\"name\":\"Soroc\",\"url\":\"https:\\\/\\\/soroc.com\\\/\",\"logo\":{\"@type\":\"ImageObject\",\"inLanguage\":\"fr-CA\",\"@id\":\"https:\\\/\\\/soroc.com\\\/#\\\/schema\\\/logo\\\/image\\\/\",\"url\":\"https:\\\/\\\/soroc.com\\\/wp-content\\\/uploads\\\/2024\\\/12\\\/Soroc-Logo-2024_4C-RGB.svg\",\"contentUrl\":\"https:\\\/\\\/soroc.com\\\/wp-content\\\/uploads\\\/2024\\\/12\\\/Soroc-Logo-2024_4C-RGB.svg\",\"width\":432,\"height\":144,\"caption\":\"Soroc\"},\"image\":{\"@id\":\"https:\\\/\\\/soroc.com\\\/#\\\/schema\\\/logo\\\/image\\\/\"}}]}<\/script>\n<!-- \/ Yoast SEO plugin. -->","yoast_head_json":{"title":"Inde - Soroc","robots":{"index":"index","follow":"follow","max-snippet":"max-snippet:-1","max-image-preview":"max-image-preview:large","max-video-preview":"max-video-preview:-1"},"canonical":"https:\/\/soroc.com\/fr\/about-us\/careers\/india\/","og_locale":"fr_CA","og_type":"article","og_title":"India - Soroc","og_description":"Interested in working for Soroc India? Please complete the form, indicating the type of role you are interested in, upload your resume and click the orange submit button. We will reach out if your skills and experience align with roles we have open. Contact Us","og_url":"https:\/\/soroc.com\/fr\/about-us\/careers\/india\/","og_site_name":"Soroc","article_modified_time":"2025-12-10T19:24:17+00:00","twitter_card":"summary_large_image","twitter_misc":{"Estimation du temps de lecture":"1 minute"},"schema":{"@context":"https:\/\/schema.org","@graph":[{"@type":"WebPage","@id":"https:\/\/soroc.com\/about-us\/careers\/india\/","url":"https:\/\/soroc.com\/about-us\/careers\/india\/","name":"Inde - Soroc","isPartOf":{"@id":"https:\/\/soroc.com\/#website"},"primaryImageOfPage":{"@id":"https:\/\/soroc.com\/about-us\/careers\/india\/#primaryimage"},"image":{"@id":"https:\/\/soroc.com\/about-us\/careers\/india\/#primaryimage"},"thumbnailUrl":"https:\/\/soroc.com\/wp-content\/uploads\/2024\/12\/Soroc-Logo-2024_4C-RGB.svg","datePublished":"2025-04-10T13:03:42+00:00","dateModified":"2025-12-10T19:24:17+00:00","breadcrumb":{"@id":"https:\/\/soroc.com\/about-us\/careers\/india\/#breadcrumb"},"inLanguage":"fr-CA","potentialAction":[{"@type":"ReadAction","target":["https:\/\/soroc.com\/about-us\/careers\/india\/"]}]},{"@type":"ImageObject","inLanguage":"fr-CA","@id":"https:\/\/soroc.com\/about-us\/careers\/india\/#primaryimage","url":"https:\/\/soroc.com\/wp-content\/uploads\/2024\/12\/Soroc-Logo-2024_4C-RGB.svg","contentUrl":"https:\/\/soroc.com\/wp-content\/uploads\/2024\/12\/Soroc-Logo-2024_4C-RGB.svg"},{"@type":"BreadcrumbList","@id":"https:\/\/soroc.com\/about-us\/careers\/india\/#breadcrumb","itemListElement":[{"@type":"ListItem","position":1,"name":"Home","item":"https:\/\/soroc.com\/"},{"@type":"ListItem","position":2,"name":"About Us","item":"https:\/\/soroc.com\/about-us\/"},{"@type":"ListItem","position":3,"name":"Careers","item":"https:\/\/soroc.com\/about-us\/careers\/"},{"@type":"ListItem","position":4,"name":"India"}]},{"@type":"WebSite","@id":"https:\/\/soroc.com\/#website","url":"https:\/\/soroc.com\/","name":"Soroc","description":"","publisher":{"@id":"https:\/\/soroc.com\/#organization"},"potentialAction":[{"@type":"SearchAction","target":{"@type":"EntryPoint","urlTemplate":"https:\/\/soroc.com\/?s={search_term_string}"},"query-input":{"@type":"PropertyValueSpecification","valueRequired":true,"valueName":"search_term_string"}}],"inLanguage":"fr-CA"},{"@type":"Organization","@id":"https:\/\/soroc.com\/#organization","name":"Soroc","url":"https:\/\/soroc.com\/","logo":{"@type":"ImageObject","inLanguage":"fr-CA","@id":"https:\/\/soroc.com\/#\/schema\/logo\/image\/","url":"https:\/\/soroc.com\/wp-content\/uploads\/2024\/12\/Soroc-Logo-2024_4C-RGB.svg","contentUrl":"https:\/\/soroc.com\/wp-content\/uploads\/2024\/12\/Soroc-Logo-2024_4C-RGB.svg","width":432,"height":144,"caption":"Soroc"},"image":{"@id":"https:\/\/soroc.com\/#\/schema\/logo\/image\/"}}]}},"_links":{"self":[{"href":"https:\/\/soroc.com\/fr\/wp-json\/wp\/v2\/pages\/5671","targetHints":{"allow":["GET"]}}],"collection":[{"href":"https:\/\/soroc.com\/fr\/wp-json\/wp\/v2\/pages"}],"about":[{"href":"https:\/\/soroc.com\/fr\/wp-json\/wp\/v2\/types\/page"}],"author":[{"embeddable":true,"href":"https:\/\/soroc.com\/fr\/wp-json\/wp\/v2\/users\/6"}],"replies":[{"embeddable":true,"href":"https:\/\/soroc.com\/fr\/wp-json\/wp\/v2\/comments?post=5671"}],"version-history":[{"count":5,"href":"https:\/\/soroc.com\/fr\/wp-json\/wp\/v2\/pages\/5671\/revisions"}],"predecessor-version":[{"id":7770,"href":"https:\/\/soroc.com\/fr\/wp-json\/wp\/v2\/pages\/5671\/revisions\/7770"}],"up":[{"embeddable":true,"href":"https:\/\/soroc.com\/fr\/wp-json\/wp\/v2\/pages\/659"}],"wp:attachment":[{"href":"https:\/\/soroc.com\/fr\/wp-json\/wp\/v2\/media?parent=5671"}],"curies":[{"name":"wp","href":"https:\/\/api.w.org\/{rel}","templated":true}]}}